{"id":10,"date":"2012-10-19T03:20:33","date_gmt":"2012-10-19T03:20:33","guid":{"rendered":"http:\/\/prosperityfund.uniandes.edu.co\/site\/?page_id=10"},"modified":"2026-02-16T11:15:18","modified_gmt":"2026-02-16T16:15:18","slug":"quienes-somos","status":"publish","type":"page","link":"https:\/\/prosperityfund.uniandes.edu.co\/?page_id=10","title":{"rendered":"Quienes somos"},"content":{"rendered":"<p>La Universidad de los Andes y University College London se han unido con el prop\u00f3sito de encontrar los aspectos clave del marco institucional y regulatorio del transporte urbano en Colombia y el Reino Unido y establecer el potencial de acercamiento de las experiencias de las dos naciones. Las actividades de investigaci\u00f3n est\u00e1n a cargo de los equipos de ambas universidades, aprovechando la cercan\u00eda y el conocimiento del contexto de las instituciones relacionadas al transporte urbano en ambos casos. Los profesores Nick Tyler y Juan Pablo Bocarejo lideran los equipos de UCL y UniAndes respectivamente, y en conjunto encaminan el proyecto hacia el alcance de los objetivos de acuerdo a los resultados de las investigaciones.<\/p>\n","protected":false},"excerpt":{"rendered":"<p>La Universidad de los Andes y University College London se han unido con el prop\u00f3sito de encontrar los aspectos clave del marco institucional y regulatorio del transporte urbano en Colombia y el Reino Unido y establecer el potencial de acercamiento de las experiencias de las dos naciones. Las actividades de investigaci\u00f3n est\u00e1n a cargo de [&hellip;]<\/p>\n","protected":false},"author":3,"featured_media":0,"parent":0,"menu_order":2,"comment_status":"closed","ping_status":"closed","template":"","meta":{"footnotes":""},"class_list":["post-10","page","type-page","status-publish","hentry"],"_links":{"self":[{"href":"https:\/\/prosperityfund.uniandes.edu.co\/index.php?rest_route=\/wp\/v2\/pages\/10","targetHints":{"allow":["GET"]}}],"collection":[{"href":"https:\/\/prosperityfund.uniandes.edu.co\/index.php?rest_route=\/wp\/v2\/pages"}],"about":[{"href":"https:\/\/prosperityfund.uniandes.edu.co\/index.php?rest_route=\/wp\/v2\/types\/page"}],"author":[{"embeddable":true,"href":"https:\/\/prosperityfund.uniandes.edu.co\/index.php?rest_route=\/wp\/v2\/users\/3"}],"replies":[{"embeddable":true,"href":"https:\/\/prosperityfund.uniandes.edu.co\/index.php?rest_route=%2Fwp%2Fv2%2Fcomments&post=10"}],"version-history":[{"count":49,"href":"https:\/\/prosperityfund.uniandes.edu.co\/index.php?rest_route=\/wp\/v2\/pages\/10\/revisions"}],"predecessor-version":[{"id":466,"href":"https:\/\/prosperityfund.uniandes.edu.co\/index.php?rest_route=\/wp\/v2\/pages\/10\/revisions\/466"}],"wp:attachment":[{"href":"https:\/\/prosperityfund.uniandes.edu.co\/index.php?rest_route=%2Fwp%2Fv2%2Fmedia&parent=10"}],"curies":[{"name":"wp","href":"https:\/\/api.w.org\/{rel}","templated":true}]}}