{"id":145,"date":"2012-12-11T23:20:15","date_gmt":"2012-12-11T23:20:15","guid":{"rendered":"http:\/\/prosperityfund.uniandes.edu.co\/site\/?page_id=145"},"modified":"2026-02-16T11:15:18","modified_gmt":"2026-02-16T16:15:18","slug":"equipo-de-trabajo","status":"publish","type":"page","link":"https:\/\/prosperityfund.uniandes.edu.co\/?page_id=145","title":{"rendered":"Equipo de trabajo"},"content":{"rendered":"<table>\n<tbody>\n<tr>\n<td><img decoding=\"async\" title=\"Juan Pablo Bocarejo\" alt=\"\" src=\"https:\/\/prosperityfund.uniandes.edu.co\/wp-content\/uploads\/bocarejo.png\" width=\"130px\" height=\"170px\" \/>\u00a0<strong>Juan Pablo Bocarejo<\/strong><\/td>\n<td>Es ingeniero civil de la Universidad de los Andes. Tiene una maestr\u00eda de la Universit\u00e9 Paris XII \u2013 Ecole Nationale de Ponts et Chauss\u00e9es y PhD de Universit\u00e9 Paris Est. Su experiencia se concentra en la econom\u00eda del transporte, el transporte p\u00fablico y la pol\u00edtica de transporte. Ha publicado un libro en Transporte Sostenible y m\u00faltiples art\u00edculos en revistas y seminarios internacionales. Es profesor asociado de la Universidad de los Andes y Director del Grupo de Estudios en Sostenibilidad Urbana y Regional (SUR), liderando investigaciones a nivel local y tambi\u00e9n en asociaci\u00f3n con universidades e instituciones reconocidas de Am\u00e9rica Latina, Estados Unidos y Europa.<\/td>\n<\/tr>\n<tr>\n<td><img decoding=\"async\" title=\"Nick Tyler\" alt=\"\" src=\"https:\/\/prosperityfund.uniandes.edu.co\/wp-content\/uploads\/tyler.png\" width=\"130px\" height=\"170px\" \/>\u00a0<strong>Nick Tyler<\/strong><\/td>\n<td>Profesor y director del departamento de Ingenier\u00eda Civil y Ambiental de <em>University College London<\/em> (UCL) y delegado del rector de UCL en el Sur y Sur-este de Asia. Lidera proyectos internacionales relacionados con un medio ambiente bajo en carbono y entornos accesibles en Jap\u00f3n, Per\u00fa y la Uni\u00f3n Europea as\u00ed como tambi\u00e9n en el Reino Unido. Es el Director del Centro <strong>CRUCIBLE<\/strong> de UCL; centro multidisciplinario enfocado a la salud y al bienestar social financiado por cuatro Consejos de Investigaci\u00f3n. Invent\u00f3 el laboratorio de Accesibilidad Peatonal y del Entorno M\u00f3vil en UCL (<strong>PAMELA<\/strong>) y ha desarrollado una l\u00ednea de investigaci\u00f3n que est\u00e1 liderando mundialmente la evaluaci\u00f3n y medici\u00f3n de los impactos que el entorno construido tiene en los humanos. Es miembro del Consejo de UCL y la Junta de Moderadores de las Instituciones de Ingenier\u00eda del Reino Unido.<\/td>\n<\/tr>\n<tr>\n<td><img decoding=\"async\" title=\"Jorge Acevedo\" alt=\"\" src=\"https:\/\/prosperityfund.uniandes.edu.co\/wp-content\/uploads\/acevedo.png\" width=\"130px\" height=\"170px\" \/>\u00a0<strong>Jorge Acevedo<\/strong><\/td>\n<td>Es un ingeniero civil colombiano, con estudios de postgrado (Master of Science y Civil Engineer) en Texas A&amp;M University y Massachusetts Institute of Technology respectivamente. Ha dedicado m\u00e1s de 40 a\u00f1os de actividad profesional a la investigaci\u00f3n aplicada en temas de pol\u00edtica p\u00fablica de car\u00e1cter social, en especial como investigador y Director del Instituto SER de Investigaci\u00f3n en Colombia. Acevedo tiene reconocimiento acad\u00e9mico y profesional en el tema de transporte y desarrollo urbano en diversas facetas: planificaci\u00f3n, evaluaci\u00f3n socioecon\u00f3mica, definici\u00f3n de pol\u00edticas, instituciones para el manejo del transporte, etc. La actividad de Acevedo ha estado enfocada en las ciudades colombianas y muy especialmente en Bogot\u00e1, como consultor o asesor de distintos gobiernos. Acevedo ha sido profesor universitario por m\u00e1s de 30 a\u00f1os. Es profesor asociado de Ingenier\u00eda Industrial en la Universidad de los Andes.<\/td>\n<\/tr>\n<tr>\n<td><img decoding=\"async\" title=\"Juan Miguel Velasquez\" alt=\"\" src=\"https:\/\/prosperityfund.uniandes.edu.co\/wp-content\/uploads\/velasquez.png\" width=\"130px\" height=\"170px\" \/>\u00a0<strong>Juan Miguel Velasquez<\/strong><\/td>\n<td>Docente del \u00e1rea de transporte del Departamento de Ingenier\u00eda Civil y Ambiental de la Universidad de los Andes, investigador del Grupo de Estudio en Sostenibilidad Urbana y Regional (SUR). Ingeniero civil de la Universidad de los Andes con maestr\u00eda en transporte de Imperial College London interesado en la investigaci\u00f3n sobre temas de planeaci\u00f3n, econom\u00eda del transporte, transporte sostenible y seguridad vial. Miembro del grupo de investigadores de la Universidad de los Andes que particip\u00f3 en el desarrollo de este proyecto.<\/td>\n<\/tr>\n<tr>\n<td><img decoding=\"async\" title=\"Claudia Ramirez\" alt=\"\" src=\"https:\/\/prosperityfund.uniandes.edu.co\/wp-content\/uploads\/ramirez.png\" width=\"130px\" height=\"170px\" \/>\u00a0<strong>Claudia Ramirez<\/strong><\/td>\n<td>Asistente de Investigaci\u00f3n del equipo de Accesibilidad del departamento de Ingenier\u00eda Civil de University College London (UCL) liderado por Nick Tyler. Claudia hace parte del equipo de UCL que trabaja en el desarrollo de pol\u00edticas y capacitaci\u00f3n en temas de Transporte sostenible y desarrollo urbano en Suram\u00e9rica. Claudia es Ingeniera Civil egresada de UCL y miembro graduado de la Instituci\u00f3n de Ingenieros Civiles de Inglaterra. Lidera la Red de Profesionales de Ingenieros sin Fronteras en Londres y ha liderado y participado en proyectos de desarrollo con comunidades en Per\u00fa, Kenia y Nepal. Es coordinadora de la sociedad de Mujeres en Ingenier\u00eda de UCL y encabeza el grupo de Energ\u00eda y sostenibilidad de la Facultad de Ingenier\u00eda Civil, Ambiental y Geom\u00e1tica as\u00ed como tambi\u00e9n forma parte del grupo de l\u00edderes de sostenibilidad de UCL.<\/td>\n<\/tr>\n<tr>\n<td><img decoding=\"async\" title=\"Adriana del Pilar Orteg\u00f3n\" alt=\"\" src=\"https:\/\/prosperityfund.uniandes.edu.co\/wp-content\/uploads\/sinfoto.jpg\" \/><strong>Adriana del Pilar Orteg\u00f3n<\/strong><\/td>\n<td>Consultora en temas de transporte urbano sostenible para el Banco Mundial y el Banco Interamericano de Desarrollo y actualmente investigadora del Equipo de Accesibilidad del departamento de Ingenier\u00eda Civil en UCL. Ingeniera Civil y Magister en Ingenier\u00eda de la Universidad de los Andes y Magister en Transporte del Imperial College London. Experiencia en el dise\u00f1o de sistemas de transporte estrat\u00e9gicos e integrados en Colombia. Interesada en la aplicaci\u00f3n de herramientas SIG para el an\u00e1lisis del desempe\u00f1o de los sistemas de transporte en aspectos como accesibilidad para grupos desfavorecidos.<\/td>\n<\/tr>\n<tr>\n<td><img decoding=\"async\" title=\"Gonzalo Enrique Guerra\" alt=\"\" src=\"https:\/\/prosperityfund.uniandes.edu.co\/wp-content\/uploads\/guerra.png\" width=\"130px\" height=\"170px\" \/>\u00a0<strong>Gonzalo Enrique Guerra<\/strong><\/td>\n<td>Ingeniero Civil y Magister en Ingenier\u00eda de la Universidad de los Andes. Profesional Asistente de Proyectos del Grupo de Estudios en Sostenibilidad Urbana y Regional de la Universidad de los Andes.<\/td>\n<\/tr>\n<tr>\n<td><img decoding=\"async\" title=\"Mar\u00eda Ang\u00e9lica P\u00e9rez\" alt=\"\" src=\"https:\/\/prosperityfund.uniandes.edu.co\/wp-content\/uploads\/perez.png\" width=\"130px\" height=\"170px\" \/>\u00a0<strong>Mar\u00eda Ang\u00e9lica P\u00e9rez<\/strong><\/td>\n<td>Ingeniera Civil de la Universidad de los Andes, Asistente Graduada del Grupo de Estudios en Sostenibilidad Urbana y Regional de la Universidad de los Andes. Estudiante de Maestr\u00eda en Ingenier\u00eda Civil en el \u00e1rea de Transporte de la Universidad de los Andes.<\/td>\n<\/tr>\n<tr>\n<td><img decoding=\"async\" title=\"Diana Carolina Galarza\" alt=\"\" src=\"https:\/\/prosperityfund.uniandes.edu.co\/wp-content\/uploads\/galarza.png\" width=\"130px\" height=\"170px\" \/>\u00a0<strong>Diana Carolina Galarza<\/strong><\/td>\n<td>Ingeniera Civil de la Universidad de los Andes, Asistente Graduada del Grupo de Estudios en Sostenibilidad Urbana y Regional de la Universidad de los Andes. Estudiante de Maestr\u00eda en Ingenier\u00eda Civil en el \u00e1rea de Transporte de la Universidad de los Andes.<\/td>\n<\/tr>\n<\/tbody>\n<\/table>\n","protected":false},"excerpt":{"rendered":"<p>\u00a0Juan Pablo Bocarejo Es ingeniero civil de la Universidad de los Andes. Tiene una maestr\u00eda de la Universit\u00e9 Paris XII \u2013 Ecole Nationale de Ponts et Chauss\u00e9es y PhD de Universit\u00e9 Paris Est. Su experiencia se concentra en la econom\u00eda del transporte, el transporte p\u00fablico y la pol\u00edtica de transporte. Ha publicado un libro en [&hellip;]<\/p>\n","protected":false},"author":3,"featured_media":0,"parent":10,"menu_order":3,"comment_status":"closed","ping_status":"closed","template":"","meta":{"footnotes":""},"class_list":["post-145","page","type-page","status-publish","hentry"],"_links":{"self":[{"href":"https:\/\/prosperityfund.uniandes.edu.co\/index.php?rest_route=\/wp\/v2\/pages\/145","targetHints":{"allow":["GET"]}}],"collection":[{"href":"https:\/\/prosperityfund.uniandes.edu.co\/index.php?rest_route=\/wp\/v2\/pages"}],"about":[{"href":"https:\/\/prosperityfund.uniandes.edu.co\/index.php?rest_route=\/wp\/v2\/types\/page"}],"author":[{"embeddable":true,"href":"https:\/\/prosperityfund.uniandes.edu.co\/index.php?rest_route=\/wp\/v2\/users\/3"}],"replies":[{"embeddable":true,"href":"https:\/\/prosperityfund.uniandes.edu.co\/index.php?rest_route=%2Fwp%2Fv2%2Fcomments&post=145"}],"version-history":[{"count":3,"href":"https:\/\/prosperityfund.uniandes.edu.co\/index.php?rest_route=\/wp\/v2\/pages\/145\/revisions"}],"predecessor-version":[{"id":161,"href":"https:\/\/prosperityfund.uniandes.edu.co\/index.php?rest_route=\/wp\/v2\/pages\/145\/revisions\/161"}],"up":[{"embeddable":true,"href":"https:\/\/prosperityfund.uniandes.edu.co\/index.php?rest_route=\/wp\/v2\/pages\/10"}],"wp:attachment":[{"href":"https:\/\/prosperityfund.uniandes.edu.co\/index.php?rest_route=%2Fwp%2Fv2%2Fmedia&parent=145"}],"curies":[{"name":"wp","href":"https:\/\/api.w.org\/{rel}","templated":true}]}}