{"id":155,"date":"2012-12-12T01:29:18","date_gmt":"2012-12-12T01:29:18","guid":{"rendered":"http:\/\/prosperityfund.uniandes.edu.co\/site\/?page_id=155"},"modified":"2026-02-16T11:15:18","modified_gmt":"2026-02-16T16:15:18","slug":"red-de-conocimiento","status":"publish","type":"page","link":"https:\/\/prosperityfund.uniandes.edu.co\/?page_id=155","title":{"rendered":"Red de conocimiento"},"content":{"rendered":"<p>La red de conocimiento interinstitucional tiene como principal objetivo revisar y evaluar las propuestas y reportes hechos por los equipos UCL y Uniandes como se muestra en la siguiente figura. El equipo conformado por expertos tendr\u00e1 al menos 5 reuniones durante el desarrollo del proyecto en las que se pretende aprovechar su experiencia en las diferentes instituciones para alimentar las diferentes etapas del proyecto. Finalmente, la red har\u00e1 parte del taller de capacitaci\u00f3n que se realizar\u00e1 al final del proyecto.<\/p>\n<table>\n<tbody>\n<tr>\n<th>Sector Privado<\/th>\n<th>Sector P\u00fablico<\/th>\n<th>Sociedad Civil<\/th>\n<\/tr>\n<tr>\n<td>Ciudad M\u00f3vil S.A.<br \/>\nEmbajada Brit\u00e1nica<br \/>\nEMBARQ<br \/>\nTRANSfer project<br \/>\nMetro Cali S.A.<br \/>\nTransmilenio S.A.<\/td>\n<td>Ministerio de Ambiente<br \/>\nMinisterio de Transporte<br \/>\nSecretar\u00eda Distrital de Movilidad<br \/>\nDepartamento Nacional de Planeaci\u00f3n<br \/>\nConcejo de Bogot\u00e1<br \/>\nSecretar\u00eda Distrital de Planeaci\u00f3n<br \/>\nColciencias<br \/>\nSecretar\u00eda de Movilidad de Medell\u00edn<\/td>\n<td>Despacio.org<\/td>\n<\/tr>\n<\/tbody>\n<\/table>\n<p><img decoding=\"async\" class=\"aligncenter\" title=\"Red\" alt=\"\" src=\"https:\/\/prosperityfund.uniandes.edu.co\/wp-content\/uploads\/red.png\" height=\"600px\" \/><\/p>\n<p>&nbsp;<\/p>\n","protected":false},"excerpt":{"rendered":"<p>La red de conocimiento interinstitucional tiene como principal objetivo revisar y evaluar las propuestas y reportes hechos por los equipos UCL y Uniandes como se muestra en la siguiente figura. El equipo conformado por expertos tendr\u00e1 al menos 5 reuniones durante el desarrollo del proyecto en las que se pretende aprovechar su experiencia en las [&hellip;]<\/p>\n","protected":false},"author":3,"featured_media":0,"parent":10,"menu_order":5,"comment_status":"closed","ping_status":"closed","template":"","meta":{"footnotes":""},"class_list":["post-155","page","type-page","status-publish","hentry"],"_links":{"self":[{"href":"https:\/\/prosperityfund.uniandes.edu.co\/index.php?rest_route=\/wp\/v2\/pages\/155","targetHints":{"allow":["GET"]}}],"collection":[{"href":"https:\/\/prosperityfund.uniandes.edu.co\/index.php?rest_route=\/wp\/v2\/pages"}],"about":[{"href":"https:\/\/prosperityfund.uniandes.edu.co\/index.php?rest_route=\/wp\/v2\/types\/page"}],"author":[{"embeddable":true,"href":"https:\/\/prosperityfund.uniandes.edu.co\/index.php?rest_route=\/wp\/v2\/users\/3"}],"replies":[{"embeddable":true,"href":"https:\/\/prosperityfund.uniandes.edu.co\/index.php?rest_route=%2Fwp%2Fv2%2Fcomments&post=155"}],"version-history":[{"count":4,"href":"https:\/\/prosperityfund.uniandes.edu.co\/index.php?rest_route=\/wp\/v2\/pages\/155\/revisions"}],"predecessor-version":[{"id":163,"href":"https:\/\/prosperityfund.uniandes.edu.co\/index.php?rest_route=\/wp\/v2\/pages\/155\/revisions\/163"}],"up":[{"embeddable":true,"href":"https:\/\/prosperityfund.uniandes.edu.co\/index.php?rest_route=\/wp\/v2\/pages\/10"}],"wp:attachment":[{"href":"https:\/\/prosperityfund.uniandes.edu.co\/index.php?rest_route=%2Fwp%2Fv2%2Fmedia&parent=155"}],"curies":[{"name":"wp","href":"https:\/\/api.w.org\/{rel}","templated":true}]}}