{"id":173,"date":"2012-12-12T16:58:27","date_gmt":"2012-12-12T16:58:27","guid":{"rendered":"http:\/\/prosperityfund.uniandes.edu.co\/site\/?page_id=173"},"modified":"2026-02-16T11:15:18","modified_gmt":"2026-02-16T16:15:18","slug":"informes","status":"publish","type":"page","link":"https:\/\/prosperityfund.uniandes.edu.co\/?page_id=173","title":{"rendered":"Informes"},"content":{"rendered":"<table>\n<tbody>\n<tr>\n<td width=\"70px\"><a href=\"https:\/\/prosperityfund.uniandes.edu.co\/wp-content\/uploads\/Marcodeactuacion.pdf\"><img decoding=\"async\" title=\"Documento\" alt=\"\" src=\"https:\/\/prosperityfund.uniandes.edu.co\/wp-content\/uploads\/pdf.png\" width=\"64px\" height=\"64px\" \/><\/a><\/td>\n<td valign=\"middle\"><a href=\"https:\/\/prosperityfund.uniandes.edu.co\/wp-content\/uploads\/Marcodeactuacion.pdf\" target=\"_blank\">La movilidad urbana en Colombia y el Reino Unido: marco de actuaci\u00f3n, pol\u00edticas y potencial de fortalecimiento<\/a><\/td>\n<\/tr>\n<\/tbody>\n<\/table>\n<table>\n<tbody>\n<tr>\n<td width=\"70px\"><a href=\"https:\/\/prosperityfund.uniandes.edu.co\/wp-content\/uploads\/Marcodeactuacion.pdf\"><img decoding=\"async\" title=\"Documento\" alt=\"\" src=\"https:\/\/prosperityfund.uniandes.edu.co\/wp-content\/uploads\/pdf.png\" width=\"64px\" height=\"64px\" \/><\/a><\/td>\n<td valign=\"middle\"><a href=\"http:\/\/prosperityfund.uniandes.edu.co\/site\/?attachment_id=368\" rel=\"attachment wp-att-368\">Caracterizaci\u00f3n de la contaminaci\u00f3n atmosf\u00e9rica en Colombia<\/a>\u00a0<a href=\"http:\/\/prosperityfund.uniandes.edu.co\/site\/?attachment_id=338\" rel=\"attachment wp-att-338\"><br \/>\n<\/a><\/td>\n<\/tr>\n<\/tbody>\n<\/table>\n<table>\n<tbody>\n<tr>\n<td width=\"70px\"><a href=\"https:\/\/prosperityfund.uniandes.edu.co\/wp-content\/uploads\/Marcodeactuacion.pdf\"><img decoding=\"async\" title=\"Documento\" alt=\"\" src=\"https:\/\/prosperityfund.uniandes.edu.co\/wp-content\/uploads\/pdf.png\" width=\"64px\" height=\"64px\" \/><\/a><\/td>\n<td valign=\"middle\"><a href=\"http:\/\/prosperityfund.uniandes.edu.co\/site\/?attachment_id=366\" rel=\"attachment wp-att-366\">Cobros de congesti\u00f3n en ciudades Colombianas_<\/a><\/td>\n<\/tr>\n<\/tbody>\n<\/table>\n<table>\n<tbody>\n<tr>\n<td width=\"70px\"><a href=\"https:\/\/prosperityfund.uniandes.edu.co\/wp-content\/uploads\/Marcodeactuacion.pdf\"><img decoding=\"async\" title=\"Documento\" alt=\"\" src=\"https:\/\/prosperityfund.uniandes.edu.co\/wp-content\/uploads\/pdf.png\" width=\"64px\" height=\"64px\" \/><\/a><\/td>\n<td valign=\"middle\"><a href=\"http:\/\/prosperityfund.uniandes.edu.co\/site\/?attachment_id=369\" rel=\"attachment wp-att-369\">Propuesta de Estrategia Nacional de Transporte en Ciudades Bajas en Carbono, Colombia al 2030<\/a><\/td>\n<\/tr>\n<\/tbody>\n<\/table>\n<table>\n<tbody>\n<tr>\n<td width=\"70px\"><a href=\"https:\/\/prosperityfund.uniandes.edu.co\/wp-content\/uploads\/Marcodeactuacion.pdf\"><img decoding=\"async\" title=\"Documento\" alt=\"\" src=\"https:\/\/prosperityfund.uniandes.edu.co\/wp-content\/uploads\/pdf.png\" width=\"64px\" height=\"64px\" \/><\/a><\/td>\n<td valign=\"middle\"><a href=\"http:\/\/prosperityfund.uniandes.edu.co\/site\/?attachment_id=370\" rel=\"attachment wp-att-370\">National Transport Strategy for Low Carbon Cities, Colombia 2030<\/a><\/td>\n<\/tr>\n<\/tbody>\n<\/table>\n<table>\n<tbody>\n<tr>\n<td width=\"70px\"><a href=\"https:\/\/prosperityfund.uniandes.edu.co\/wp-content\/uploads\/Marcodeactuacion.pdf\"><img decoding=\"async\" title=\"Documento\" alt=\"\" src=\"https:\/\/prosperityfund.uniandes.edu.co\/wp-content\/uploads\/pdf.png\" width=\"64px\" height=\"64px\" \/><\/a><\/td>\n<td valign=\"middle\"><a href=\"http:\/\/prosperityfund.uniandes.edu.co\/site\/?attachment_id=392\" rel=\"attachment wp-att-392\">Marco de An\u00e1lisis de Accesibilidad y Equidad<\/a><\/td>\n<\/tr>\n<\/tbody>\n<\/table>\n<table>\n<tbody>\n<tr>\n<td width=\"70px\"><a href=\"https:\/\/prosperityfund.uniandes.edu.co\/wp-content\/uploads\/Marcodeactuacion.pdf\"><img decoding=\"async\" title=\"Documento\" alt=\"\" src=\"https:\/\/prosperityfund.uniandes.edu.co\/wp-content\/uploads\/pdf.png\" width=\"64px\" height=\"64px\" \/><\/a><\/td>\n<td valign=\"middle\"><a href=\"http:\/\/prosperityfund.uniandes.edu.co\/site\/?attachment_id=393\" rel=\"attachment wp-att-393\">Lineamientos para la integraci\u00f3n Transporte y Usos del Suelo en Colombia<\/a><\/td>\n<\/tr>\n<\/tbody>\n<\/table>\n<table>\n<tbody>\n<tr>\n<td width=\"70px\"><a href=\"https:\/\/prosperityfund.uniandes.edu.co\/wp-content\/uploads\/Marcodeactuacion.pdf\"><img decoding=\"async\" title=\"Documento\" alt=\"\" src=\"https:\/\/prosperityfund.uniandes.edu.co\/wp-content\/uploads\/pdf.png\" width=\"64px\" height=\"64px\" \/><\/a><\/td>\n<td valign=\"middle\"><a href=\"http:\/\/prosperityfund.uniandes.edu.co\/site\/?attachment_id=395\" rel=\"attachment wp-att-395\">GU\u00cdA INTERACTIVA PARA PROYECTOS<\/a>\u00a0\u00a0\/\u00a0<a href=\"http:\/\/prosperityfund.uniandes.edu.co\/site\/?attachment_id=396\" rel=\"attachment wp-att-396\">Tutorial Gu\u00eda<\/a><\/td>\n<\/tr>\n<\/tbody>\n<\/table>\n<table>\n<tbody>\n<tr>\n<td width=\"70px\"><a href=\"https:\/\/prosperityfund.uniandes.edu.co\/wp-content\/uploads\/Marcodeactuacion.pdf\"><img decoding=\"async\" title=\"Documento\" alt=\"\" src=\"https:\/\/prosperityfund.uniandes.edu.co\/wp-content\/uploads\/pdf.png\" width=\"64px\" height=\"64px\" \/><\/a><\/td>\n<td valign=\"middle\"><a href=\"http:\/\/prosperityfund.uniandes.edu.co\/site\/?attachment_id=397\" rel=\"attachment wp-att-397\">Recomendaciones de Proyecto<\/a><\/td>\n<\/tr>\n<\/tbody>\n<\/table>\n","protected":false},"excerpt":{"rendered":"<p>La movilidad urbana en Colombia y el Reino Unido: marco de actuaci\u00f3n, pol\u00edticas y potencial de fortalecimiento Caracterizaci\u00f3n de la contaminaci\u00f3n atmosf\u00e9rica en Colombia\u00a0 Cobros de congesti\u00f3n en ciudades Colombianas_ Propuesta de Estrategia Nacional de Transporte en Ciudades Bajas en Carbono, Colombia al 2030 National Transport Strategy for Low Carbon Cities, Colombia 2030 Marco de [&hellip;]<\/p>\n","protected":false},"author":3,"featured_media":0,"parent":12,"menu_order":0,"comment_status":"closed","ping_status":"open","template":"","meta":{"footnotes":""},"class_list":["post-173","page","type-page","status-publish","hentry"],"_links":{"self":[{"href":"https:\/\/prosperityfund.uniandes.edu.co\/index.php?rest_route=\/wp\/v2\/pages\/173","targetHints":{"allow":["GET"]}}],"collection":[{"href":"https:\/\/prosperityfund.uniandes.edu.co\/index.php?rest_route=\/wp\/v2\/pages"}],"about":[{"href":"https:\/\/prosperityfund.uniandes.edu.co\/index.php?rest_route=\/wp\/v2\/types\/page"}],"author":[{"embeddable":true,"href":"https:\/\/prosperityfund.uniandes.edu.co\/index.php?rest_route=\/wp\/v2\/users\/3"}],"replies":[{"embeddable":true,"href":"https:\/\/prosperityfund.uniandes.edu.co\/index.php?rest_route=%2Fwp%2Fv2%2Fcomments&post=173"}],"version-history":[{"count":23,"href":"https:\/\/prosperityfund.uniandes.edu.co\/index.php?rest_route=\/wp\/v2\/pages\/173\/revisions"}],"predecessor-version":[{"id":431,"href":"https:\/\/prosperityfund.uniandes.edu.co\/index.php?rest_route=\/wp\/v2\/pages\/173\/revisions\/431"}],"up":[{"embeddable":true,"href":"https:\/\/prosperityfund.uniandes.edu.co\/index.php?rest_route=\/wp\/v2\/pages\/12"}],"wp:attachment":[{"href":"https:\/\/prosperityfund.uniandes.edu.co\/index.php?rest_route=%2Fwp%2Fv2%2Fmedia&parent=173"}],"curies":[{"name":"wp","href":"https:\/\/api.w.org\/{rel}","templated":true}]}}