{"id":184,"date":"2012-12-12T17:17:35","date_gmt":"2012-12-12T17:17:35","guid":{"rendered":"http:\/\/prosperityfund.uniandes.edu.co\/site\/?page_id=184"},"modified":"2026-02-16T11:15:18","modified_gmt":"2026-02-16T16:15:18","slug":"fondo-de-prosperidad","status":"publish","type":"page","link":"https:\/\/prosperityfund.uniandes.edu.co\/?page_id=184","title":{"rendered":"Fondo de Prosperidad"},"content":{"rendered":"<p>El Fondo de Prosperidad es una iniciativa global del Ministerio Brit\u00e1nico de Relaciones exteriores creado en abril del a\u00f1o 2011 con el fin de proporcionar apoyo a la agenda de prosperidad de aquellas econom\u00edas emergentes, que cuentan con un alto potencial de crecimiento y promueven un crecimiento global sostenible.<\/p>\n<p>Por medio de la introducci\u00f3n de cambios en las pol\u00edticas a largo plazo el Fondo de Prosperidad pretende combatir el cambio clim\u00e1tico, asegurar la eficiencia y seguridad energ\u00e9tica y fortalecer la econom\u00eda mundial. En su segundo a\u00f1o de acci\u00f3n, periodo 2012-2013, el Fondo de Prosperidad apoya el desarrollo de proyectos realizados en una red de 15 pa\u00edses y regiones por medio de un soporte financiero de 19 millones de libras. Los pa\u00edses con programas espec\u00edficos son: Brasil, China, Colombia, India, Indonesia, Jap\u00f3n, M\u00e9xico, Rusia, Sud\u00e1frica, Corea del Sur y Turqu\u00eda. Los fondos de prosperidad regionales tienen intervenci\u00f3n en Am\u00e9rica Latina, el Sudeste de Asia y los pa\u00edses \u00c1rabes.<\/p>\n<p>En el a\u00f1o 2012 por primera vez se realizan en Colombia proyectos apoyados por el Fondo de Prosperidad de la Embajada Brit\u00e1nica, para los cuales se destinaron cerca de 500.000 libras. Como resultado del programa de prosperidad se espera implementar pol\u00edticas que promuevan un crecimiento verde y una mejora en el ambiente de negocios e inversi\u00f3n. As\u00ed mismo se pretende lograr un progreso significativo en el cumplimiento de los requisitos de la Organizaci\u00f3n para la Cooperaci\u00f3n y el Desarrollo Econ\u00f3mico (OCDE) en materia de transparencia, el medio ambiente, la competitividad, la inversi\u00f3n y la innovaci\u00f3n. Por \u00faltimo, se espera adquirir la experiencia necesaria para implementar con \u00e9xito programas de asociaci\u00f3n p\u00fablico-privada, se pretende desarrollar investigaciones cient\u00edficas s\u00f3lidas y soportar la pol\u00edtica de innovaci\u00f3n para mejorar la competitividad de Colombia.<\/p>\n<p>El proyecto \u00abApoyo institucional y regulatorio para el transporte urbano de bajo carbono en Colombia\u201d hace parte del programa de prosperidad de la Embajada Brit\u00e1nica en Colombia.<\/p>\n<p>&nbsp;<\/p>\n<div><\/div>\n","protected":false},"excerpt":{"rendered":"<p>El Fondo de Prosperidad es una iniciativa global del Ministerio Brit\u00e1nico de Relaciones exteriores creado en abril del a\u00f1o 2011 con el fin de proporcionar apoyo a la agenda de prosperidad de aquellas econom\u00edas emergentes, que cuentan con un alto potencial de crecimiento y promueven un crecimiento global sostenible. Por medio de la introducci\u00f3n de [&hellip;]<\/p>\n","protected":false},"author":3,"featured_media":0,"parent":7,"menu_order":0,"comment_status":"closed","ping_status":"open","template":"","meta":{"footnotes":""},"class_list":["post-184","page","type-page","status-publish","hentry"],"_links":{"self":[{"href":"https:\/\/prosperityfund.uniandes.edu.co\/index.php?rest_route=\/wp\/v2\/pages\/184","targetHints":{"allow":["GET"]}}],"collection":[{"href":"https:\/\/prosperityfund.uniandes.edu.co\/index.php?rest_route=\/wp\/v2\/pages"}],"about":[{"href":"https:\/\/prosperityfund.uniandes.edu.co\/index.php?rest_route=\/wp\/v2\/types\/page"}],"author":[{"embeddable":true,"href":"https:\/\/prosperityfund.uniandes.edu.co\/index.php?rest_route=\/wp\/v2\/users\/3"}],"replies":[{"embeddable":true,"href":"https:\/\/prosperityfund.uniandes.edu.co\/index.php?rest_route=%2Fwp%2Fv2%2Fcomments&post=184"}],"version-history":[{"count":4,"href":"https:\/\/prosperityfund.uniandes.edu.co\/index.php?rest_route=\/wp\/v2\/pages\/184\/revisions"}],"predecessor-version":[{"id":465,"href":"https:\/\/prosperityfund.uniandes.edu.co\/index.php?rest_route=\/wp\/v2\/pages\/184\/revisions\/465"}],"up":[{"embeddable":true,"href":"https:\/\/prosperityfund.uniandes.edu.co\/index.php?rest_route=\/wp\/v2\/pages\/7"}],"wp:attachment":[{"href":"https:\/\/prosperityfund.uniandes.edu.co\/index.php?rest_route=%2Fwp%2Fv2%2Fmedia&parent=184"}],"curies":[{"name":"wp","href":"https:\/\/api.w.org\/{rel}","templated":true}]}}