{"id":65,"date":"2012-12-09T03:08:38","date_gmt":"2012-12-09T03:08:38","guid":{"rendered":"http:\/\/prosperityfund.uniandes.edu.co\/site\/?page_id=65"},"modified":"2026-02-16T11:15:18","modified_gmt":"2026-02-16T16:15:18","slug":"inicio","status":"publish","type":"page","link":"https:\/\/prosperityfund.uniandes.edu.co\/","title":{"rendered":"Inicio"},"content":{"rendered":"<p>El proyecto <strong><em>Apoyo institucional y regulatorio para el transporte urbano bajo en Carbono en Colombia, <\/em><\/strong>hace parte del programa de prosperidad de la Embajada Brit\u00e1nica en Colombia, es desarrollado en conjunto por el grupo de Estudios en Sostenibilidad Urbana y Regional-SUR de la Universidad de los Andes y University College London del Reino Unido, es apoyado por el <em>Ministerio de Transporte de Colombia <\/em>, <em>Transport for London<\/em> del Reino Unido y cuenta con la participaci\u00f3n de una red de conocimiento internacional e interinstitucional que tiene la funci\u00f3n de ser un soporte gu\u00eda en el transcurso del proyecto.<\/p>\n<p>Este proyecto, financiado por el Foreign and Commonwealth Office del Reino Unido, busca integrar las experiencias de Colombia y el Reino Unido con el fin de fortalecer la capacidad institucional y desarrollar pol\u00edticas que conduzcan a una mejora en la calidad de vida por medio del transporte bajo en carbono con un enfoque principal a las pol\u00edticas nacionales para los cobros por congesti\u00f3n y contaminaci\u00f3n.<\/p>\n","protected":false},"excerpt":{"rendered":"<p>El proyecto Apoyo institucional y regulatorio para el transporte urbano bajo en Carbono en Colombia, hace parte del programa de prosperidad de la Embajada Brit\u00e1nica en Colombia, es desarrollado en conjunto por el grupo de Estudios en Sostenibilidad Urbana y Regional-SUR de la Universidad de los Andes y University College London del Reino Unido, es [&hellip;]<\/p>\n","protected":false},"author":3,"featured_media":0,"parent":0,"menu_order":0,"comment_status":"closed","ping_status":"closed","template":"","meta":{"footnotes":""},"class_list":["post-65","page","type-page","status-publish","hentry"],"_links":{"self":[{"href":"https:\/\/prosperityfund.uniandes.edu.co\/index.php?rest_route=\/wp\/v2\/pages\/65","targetHints":{"allow":["GET"]}}],"collection":[{"href":"https:\/\/prosperityfund.uniandes.edu.co\/index.php?rest_route=\/wp\/v2\/pages"}],"about":[{"href":"https:\/\/prosperityfund.uniandes.edu.co\/index.php?rest_route=\/wp\/v2\/types\/page"}],"author":[{"embeddable":true,"href":"https:\/\/prosperityfund.uniandes.edu.co\/index.php?rest_route=\/wp\/v2\/users\/3"}],"replies":[{"embeddable":true,"href":"https:\/\/prosperityfund.uniandes.edu.co\/index.php?rest_route=%2Fwp%2Fv2%2Fcomments&post=65"}],"version-history":[{"count":4,"href":"https:\/\/prosperityfund.uniandes.edu.co\/index.php?rest_route=\/wp\/v2\/pages\/65\/revisions"}],"predecessor-version":[{"id":172,"href":"https:\/\/prosperityfund.uniandes.edu.co\/index.php?rest_route=\/wp\/v2\/pages\/65\/revisions\/172"}],"wp:attachment":[{"href":"https:\/\/prosperityfund.uniandes.edu.co\/index.php?rest_route=%2Fwp%2Fv2%2Fmedia&parent=65"}],"curies":[{"name":"wp","href":"https:\/\/api.w.org\/{rel}","templated":true}]}}