{"id":7,"date":"2012-10-19T03:20:06","date_gmt":"2012-10-19T03:20:06","guid":{"rendered":"http:\/\/prosperityfund.uniandes.edu.co\/site\/?page_id=7"},"modified":"2026-02-16T11:15:18","modified_gmt":"2026-02-16T16:15:18","slug":"documentos","status":"publish","type":"page","link":"https:\/\/prosperityfund.uniandes.edu.co\/?page_id=7","title":{"rendered":"El proyecto"},"content":{"rendered":"<p>El proyecto <strong><em>Apoyo institucional y regulatorio para el transporte urbano bajo en Carbono en Colombia, <\/em><\/strong>hace parte del programa de prosperidad de la Embajada Brit\u00e1nica en Colombia y es desarrollado en conjunto por el grupo de Estudios en Sostenibilidad Urbana y Regional-SUR de la Universidad de los Andes y University College London del Reino Unido. Adem\u00e1s es apoyado por el Ministerio de Transporte de Colombia y Transport for London del Reino Unido.<\/p>\n<p>Este proyecto, financiado por el Foreign and Commonwealth Office (Ministerio de Relaciones Exteriores y de la Mancomunidad de Naciones) del Reino Unido, busca integrar las experiencias de Colombia y el Reino Unido con el fin de fortalecer la capacidad institucional y desarrollar pol\u00edticas que conduzcan a una mejora en la calidad de vida por medio del transporte bajo en carbono.<\/p>\n<p>Apoyado por la experiencia del Reino Unido, los principales objetivos del proyecto son:<\/p>\n<ul>\n<li>Fortalecer el marco de pol\u00edtica nacional para transporte bajo en carbono en Colombia.<\/li>\n<li>Aumentar la capacidad institucional para su implementaci\u00f3n.<\/li>\n<li>Apoyar la formulaci\u00f3n de pol\u00edticas nacionales para los cobros por congesti\u00f3n y contaminaci\u00f3n.<\/li>\n<\/ul>\n<p>Con el fin de cumplir los objetivos previamente mencionados y en el contexto de este proyecto, se ha creado una red de conocimiento interinstitucional e internacional conformada por expertos sectoriales,\u00a0 entindades nacionales y locales de transporte urbano, asi como las instituciones academicas previamente mencionadas. Esta red de conocimiento tiene como finalidad ser un soporte gu\u00eda en el transurso del proyecto, que oriente los resultados del mismo a las necesidades del pa\u00eds en lo que respecta a transporte urbano a nivel nacional y local.<\/p>\n","protected":false},"excerpt":{"rendered":"<p>El proyecto Apoyo institucional y regulatorio para el transporte urbano bajo en Carbono en Colombia, hace parte del programa de prosperidad de la Embajada Brit\u00e1nica en Colombia y es desarrollado en conjunto por el grupo de Estudios en Sostenibilidad Urbana y Regional-SUR de la Universidad de los Andes y University College London del Reino Unido. [&hellip;]<\/p>\n","protected":false},"author":3,"featured_media":0,"parent":0,"menu_order":1,"comment_status":"closed","ping_status":"closed","template":"","meta":{"footnotes":""},"class_list":["post-7","page","type-page","status-publish","hentry"],"_links":{"self":[{"href":"https:\/\/prosperityfund.uniandes.edu.co\/index.php?rest_route=\/wp\/v2\/pages\/7","targetHints":{"allow":["GET"]}}],"collection":[{"href":"https:\/\/prosperityfund.uniandes.edu.co\/index.php?rest_route=\/wp\/v2\/pages"}],"about":[{"href":"https:\/\/prosperityfund.uniandes.edu.co\/index.php?rest_route=\/wp\/v2\/types\/page"}],"author":[{"embeddable":true,"href":"https:\/\/prosperityfund.uniandes.edu.co\/index.php?rest_route=\/wp\/v2\/users\/3"}],"replies":[{"embeddable":true,"href":"https:\/\/prosperityfund.uniandes.edu.co\/index.php?rest_route=%2Fwp%2Fv2%2Fcomments&post=7"}],"version-history":[{"count":16,"href":"https:\/\/prosperityfund.uniandes.edu.co\/index.php?rest_route=\/wp\/v2\/pages\/7\/revisions"}],"predecessor-version":[{"id":464,"href":"https:\/\/prosperityfund.uniandes.edu.co\/index.php?rest_route=\/wp\/v2\/pages\/7\/revisions\/464"}],"wp:attachment":[{"href":"https:\/\/prosperityfund.uniandes.edu.co\/index.php?rest_route=%2Fwp%2Fv2%2Fmedia&parent=7"}],"curies":[{"name":"wp","href":"https:\/\/api.w.org\/{rel}","templated":true}]}}